{"id":84,"date":"2016-10-16T11:47:08","date_gmt":"2016-10-16T10:47:08","guid":{"rendered":"http:\/\/paroquiadaramada.org\/?page_id=84"},"modified":"2025-12-09T20:06:33","modified_gmt":"2025-12-09T20:06:33","slug":"horarios","status":"publish","type":"page","link":"https:\/\/paroquiadaramada.org\/?page_id=84","title":{"rendered":"Hor\u00e1rios"},"content":{"rendered":"<h5>\n<table id=\"tablepress-2\" class=\"tablepress tablepress-id-2\">\n<thead>\n<tr class=\"row-1 odd\">\n\t<th colspan=\"3\" class=\"column-1\"><strong>MISSAS<\/strong><\/th>\n<\/tr>\n<\/thead>\n<tbody class=\"row-hover\">\n<tr class=\"row-2 even\">\n\t<td class=\"column-1\"><em>Feriais:<\/em><\/td><td class=\"column-2\"><strong>igreja paroquial<\/strong><\/td><td class=\"column-3\"><strong>Ponte da Bica<\/strong><\/td>\n<\/tr>\n<tr class=\"row-3 odd\">\n\t<td class=\"column-1\">Segunda-feira<br \/>\nTer\u00e7a a Sexta-feira<\/td><td class=\"column-2\">09h00<br \/>\n19h00<\/td><td class=\"column-3\">-<\/td>\n<\/tr>\n<tr class=\"row-4 even\">\n\t<td class=\"column-1\">S\u00e1bado<\/td><td class=\"column-2\">09h00<\/td><td class=\"column-3\"><\/td>\n<\/tr>\n<tr class=\"row-5 odd\">\n\t<td colspan=\"3\" class=\"column-1\"><\/td>\n<\/tr>\n<tr class=\"row-6 even\">\n\t<td class=\"column-1\"><em>Dominicais:<\/em><\/td><td class=\"column-2\"><\/td><td class=\"column-3\"><\/td>\n<\/tr>\n<tr class=\"row-7 odd\">\n\t<td class=\"column-1\">S\u00e1bado<\/td><td class=\"column-2\">19h00<\/td><td class=\"column-3\"><\/td>\n<\/tr>\n<tr class=\"row-8 even\">\n\t<td class=\"column-1\">Domingo<\/td><td class=\"column-2\">9h00, 11h30 e 19h00*<\/td><td class=\"column-3\">10h15 na Ponte da Bica*<\/td>\n<\/tr>\n<tr class=\"row-9 odd\">\n\t<td class=\"column-1\"><\/td><td class=\"column-2\"><\/td><td class=\"column-3\"><\/td>\n<\/tr>\n<\/tbody>\n<\/table>\n<!-- #tablepress-2 from cache --><\/h5>\n<h6 style=\"text-align: center;\"><strong>* Em julho e agosto n\u00e3o h\u00e1 a celebra\u00e7\u00e3o das 19h00 na Igreja paroquial e n\u00e3o se celebram as Eucaristias nos restantes locais de culto.<\/strong><\/h6>\n<p style=\"text-align: left;\">\n<table id=\"tablepress-3\" class=\"tablepress tablepress-id-3\">\n<thead>\n<tr class=\"row-1 odd\">\n\t<th colspan=\"2\" class=\"column-1\"><strong>Hor\u00e1rios dos Servi\u00e7os Paroquiais<\/strong><\/th>\n<\/tr>\n<\/thead>\n<tbody class=\"row-hover\">\n<tr class=\"row-2 even\">\n\t<td class=\"column-1\">Confiss\u00f5es:<\/td><td class=\"column-2\">Ter\u00e7a a Quinta - a seguir \u00e0 missa<br \/>\n<br \/>\nSexta, das 17h00 \u00e0s 18h30<\/td>\n<\/tr>\n<tr class=\"row-3 odd\">\n\t<td class=\"column-1\">Cart\u00f3rio<\/td><td class=\"column-2\">Ter\u00e7a a Sexta, das 16h00 \u00e0s 19h00<br \/>\n <br \/>\n       S\u00e1bado, das 10h00 \u00e0s 13h00<br \/>\n<br \/>\nE-mail: paroquiadaramada@gmail.com<br \/>\nCart\u00f3rio: 219 337 484 \/ 932 481 525 (dentro do respetivo hor\u00e1rio)<\/td>\n<\/tr>\n<tr class=\"row-4 even\">\n\t<td class=\"column-1\">Atendimento do P\u00e1roco <\/td><td class=\"column-2\">Agendar no Cart\u00f3rio Paroquial<\/td>\n<\/tr>\n<tr class=\"row-5 odd\">\n\t<td class=\"column-1\">Catequese<\/td><td class=\"column-2\">Hor\u00e1rio de atendimento do secretariado da catequese: <br \/>\nde ter\u00e7a a sexta-feira das 18h30 \u00e0s 20h00,<br \/>\ns\u00e1bado das 10h00 \u00e0s 11h00 e das 17h30 \u00e0s 19h00<br \/>\nDomingo das 10h00 \u00e0s 11h30<br \/>\n<br \/>\nHor\u00e1rio dos encontros de catequese:<br \/>\nDe ter\u00e7a a sexta-feira das 19h00 \u00e0s 20h00<br \/>\nS\u00e1bado das 11h00 \u00e0s 12h00 e das 17h45 \u00e0s 18h45<br \/>\nDomingo das 10h15 \u00e0s 11h15<br \/>\n<br \/>\n<a href=\"https:\/\/paroquiadaramada.org\/wp-content\/uploads\/2022\/10\/catequese2.jpeg\"><img src=\"https:\/\/paroquiadaramada.org\/wp-content\/uploads\/2022\/10\/catequese2-300x236.jpeg\" alt=\"\" width=\"300\" height=\"236\" class=\"alignnone size-medium wp-image-2475\" \/><\/a><\/td>\n<\/tr>\n<tr class=\"row-6 even\">\n\t<td class=\"column-1\">Capelas mortu\u00e1rias<\/td><td class=\"column-2\">Segunda a Domingo - 24 horas<br \/>\nContacto exclusivo para Funerais: 917 316 671<\/td>\n<\/tr>\n<\/tbody>\n<\/table>\n<!-- #tablepress-3 from cache --><\/p>\n\n\n<figure class=\"wp-block-image size-large\"><a href=\"https:\/\/paroquiadaramada.org\/wp-content\/uploads\/2025\/12\/horarios.jpeg\"><img loading=\"lazy\" width=\"717\" height=\"1024\" src=\"https:\/\/paroquiadaramada.org\/wp-content\/uploads\/2025\/12\/horarios-717x1024.jpeg\" alt=\"\" class=\"wp-image-12154\" srcset=\"https:\/\/paroquiadaramada.org\/wp-content\/uploads\/2025\/12\/horarios-717x1024.jpeg 717w, https:\/\/paroquiadaramada.org\/wp-content\/uploads\/2025\/12\/horarios-210x300.jpeg 210w, https:\/\/paroquiadaramada.org\/wp-content\/uploads\/2025\/12\/horarios-768x1096.jpeg 768w, https:\/\/paroquiadaramada.org\/wp-content\/uploads\/2025\/12\/horarios-1076x1536.jpeg 1076w, https:\/\/paroquiadaramada.org\/wp-content\/uploads\/2025\/12\/horarios-100x143.jpeg 100w, https:\/\/paroquiadaramada.org\/wp-content\/uploads\/2025\/12\/horarios-150x214.jpeg 150w, https:\/\/paroquiadaramada.org\/wp-content\/uploads\/2025\/12\/horarios-200x286.jpeg 200w, https:\/\/paroquiadaramada.org\/wp-content\/uploads\/2025\/12\/horarios-300x428.jpeg 300w, https:\/\/paroquiadaramada.org\/wp-content\/uploads\/2025\/12\/horarios-450x642.jpeg 450w, https:\/\/paroquiadaramada.org\/wp-content\/uploads\/2025\/12\/horarios-600x857.jpeg 600w, https:\/\/paroquiadaramada.org\/wp-content\/uploads\/2025\/12\/horarios-900x1285.jpeg 900w, https:\/\/paroquiadaramada.org\/wp-content\/uploads\/2025\/12\/horarios.jpeg 1104w\" sizes=\"(max-width: 717px) 100vw, 717px\" \/><\/a><\/figure>\n\n<div class=\"twitter-share\"><a href=\"https:\/\/twitter.com\/intent\/tweet?via=Paroquia_ramada\" class=\"twitter-share-button\">Tweet<\/a><\/div>\n","protected":false},"excerpt":{"rendered":"<p>* Em julho e agosto n\u00e3o h\u00e1 a celebra\u00e7\u00e3o das 19h00 na Igreja paroquial e n\u00e3o se celebram as Eucaristias nos restantes locais de culto.<\/p>\n","protected":false},"author":5,"featured_media":0,"parent":0,"menu_order":0,"comment_status":"closed","ping_status":"closed","template":"","meta":{"_monsterinsights_skip_tracking":false,"_monsterinsights_sitenote_active":false,"_monsterinsights_sitenote_note":"","_monsterinsights_sitenote_category":0},"_links":{"self":[{"href":"https:\/\/paroquiadaramada.org\/index.php?rest_route=\/wp\/v2\/pages\/84"}],"collection":[{"href":"https:\/\/paroquiadaramada.org\/index.php?rest_route=\/wp\/v2\/pages"}],"about":[{"href":"https:\/\/paroquiadaramada.org\/index.php?rest_route=\/wp\/v2\/types\/page"}],"author":[{"embeddable":true,"href":"https:\/\/paroquiadaramada.org\/index.php?rest_route=\/wp\/v2\/users\/5"}],"replies":[{"embeddable":true,"href":"https:\/\/paroquiadaramada.org\/index.php?rest_route=%2Fwp%2Fv2%2Fcomments&post=84"}],"version-history":[{"count":6,"href":"https:\/\/paroquiadaramada.org\/index.php?rest_route=\/wp\/v2\/pages\/84\/revisions"}],"predecessor-version":[{"id":12155,"href":"https:\/\/paroquiadaramada.org\/index.php?rest_route=\/wp\/v2\/pages\/84\/revisions\/12155"}],"wp:attachment":[{"href":"https:\/\/paroquiadaramada.org\/index.php?rest_route=%2Fwp%2Fv2%2Fmedia&parent=84"}],"curies":[{"name":"wp","href":"https:\/\/api.w.org\/{rel}","templated":true}]}}