{"id":538,"date":"2017-03-05T15:29:05","date_gmt":"2017-03-05T15:29:05","guid":{"rendered":"http:\/\/paroquiadaramada.org\/?page_id=538"},"modified":"2017-03-18T12:41:26","modified_gmt":"2017-03-18T12:41:26","slug":"cookies","status":"publish","type":"page","link":"https:\/\/paroquiadaramada.org\/?page_id=538","title":{"rendered":"cookies"},"content":{"rendered":"<p class=\"sansmarge\">Cookies s\u00e3o ficheiros que s\u00e3o gravados no seu computador que t\u00eam como \u00fanico objectivo <span class=\"gras\">simplificar a sua navega\u00e7\u00e3o em www.paroquiadaramada.org<\/span>(estes cookies n\u00e3o podem conter v\u00edrus nem ser executados, pois n\u00e3o s\u00e3o ficheiros activos).<\/p>\n<p>Permitem:<\/p>\n<ul>\n<li>Melhorar a sua experi\u00eancia de navega\u00e7\u00e3o e beneficiar dos nossos conselhos personalizados.<\/li>\n<li>Estar informado sobre as nossas atividades em diversas \u00e1reas.<\/li>\n<\/ul>\n<p>Estes cookies apenas podem ser lidos pela www.paroquiadaramada.org e por si, e poder\u00e1 apag\u00e1-los se desejar.<\/p>\n<p class=\"gras\">Cerifique-se que o seu browser aceita cookies para poder utilizar todas as funcionalidades do site www.paroquiadaramada.org:<\/p>\n<table border=\"0\" cellspacing=\"0\" cellpadding=\"5\" align=\"center\">\n<tbody>\n<tr>\n<td>Se utiliza Internet Explorer<\/td>\n<td>Se utiliza Mozilla Firefox<\/td>\n<\/tr>\n<tr>\n<td>Abra o Internet Explorer<\/p>\n<ul>\n<li>No menu &#8220;Ferramentas&#8221;, seleccione &#8220;Op\u00e7\u00f5es de Internet&#8221;<\/li>\n<li>Clique no separador &#8220;Privacidade&#8221;<\/li>\n<li>Procure e seleccione a op\u00e7\u00e3o &#8220;Aceitar Cookies&#8221;<\/li>\n<\/ul>\n<\/td>\n<td>Abra o Mozilla Firefox<\/p>\n<ul>\n<li>No menu &#8220;Ferramentas&#8221;, seleccione &#8220;Op\u00e7\u00f5es de Internet&#8221;<\/li>\n<li>Clique no separador &#8220;Privacidade&#8221;<\/li>\n<li>Procure e seleccione a op\u00e7\u00e3o &#8220;Aceitar Cookies&#8221;<\/li>\n<\/ul>\n<\/td>\n<\/tr>\n<\/tbody>\n<\/table>\n<p>Se n\u00e3o desejar receber cookies, pode configurar o seu computador para o avisar sempre que receber um cookie ou desactivar todos os cookies atrav\u00e9s do seu programa de consulta (Internet Explorer ou Netscape Navigator). (Consulte o menu de Ajuda do seu programa de consulta para saber qual a forma correcta de alterar ou actualizar os cookies). Se desactivar os cookies, poder\u00e1 n\u00e3o conseguir aceder a algumas das fun\u00e7\u00f5es acima indicadas.<\/p>\n<p>Atrav\u00e9s das suas defini\u00e7\u00f5es, a maioria dos browsers permite ter algum controlo sobre a maioria dos cookies. Para obter mais informa\u00e7\u00f5es sobre cookies, incluindo para saber que cookies foram instalados e como podem ser geridos e eliminados, visite <a href=\"http:\/\/www.allaboutcookies.org\/\">www.allaboutcookies.org<\/a>. Se n\u00e3o quiser que as suas visitas a s\u00edtios Web sejam detectadas pelo Google Analytics, v\u00e1 a <a href=\"http:\/\/tools.google.com\/dlpage\/gaoptout\">http:\/\/tools.google.com\/dlpage\/gaoptout<\/a>.<\/p>\n\n<div class=\"twitter-share\"><a href=\"https:\/\/twitter.com\/intent\/tweet?via=Paroquia_ramada\" class=\"twitter-share-button\">Tweet<\/a><\/div>\n","protected":false},"excerpt":{"rendered":"<p>Cookies s\u00e3o ficheiros que s\u00e3o gravados no seu computador que t\u00eam como \u00fanico objectivo simplificar a sua navega\u00e7\u00e3o em www.paroquiadaramada.org(estes cookies n\u00e3o podem conter v\u00edrus nem ser executados, pois n\u00e3o s\u00e3o ficheiros activos). Permitem: Melhorar a sua experi\u00eancia de navega\u00e7\u00e3o &hellip;<\/p>\n<p class=\"read-more\"> <a class=\"more-link\" href=\"https:\/\/paroquiadaramada.org\/?page_id=538\"> <span class=\"screen-reader-text\">cookies<\/span> Read More &raquo;<\/a><\/p>\n","protected":false},"author":5,"featured_media":0,"parent":0,"menu_order":0,"comment_status":"closed","ping_status":"closed","template":"","meta":{"_monsterinsights_skip_tracking":false,"_monsterinsights_sitenote_active":false,"_monsterinsights_sitenote_note":"","_monsterinsights_sitenote_category":0},"_links":{"self":[{"href":"https:\/\/paroquiadaramada.org\/index.php?rest_route=\/wp\/v2\/pages\/538"}],"collection":[{"href":"https:\/\/paroquiadaramada.org\/index.php?rest_route=\/wp\/v2\/pages"}],"about":[{"href":"https:\/\/paroquiadaramada.org\/index.php?rest_route=\/wp\/v2\/types\/page"}],"author":[{"embeddable":true,"href":"https:\/\/paroquiadaramada.org\/index.php?rest_route=\/wp\/v2\/users\/5"}],"replies":[{"embeddable":true,"href":"https:\/\/paroquiadaramada.org\/index.php?rest_route=%2Fwp%2Fv2%2Fcomments&post=538"}],"version-history":[{"count":0,"href":"https:\/\/paroquiadaramada.org\/index.php?rest_route=\/wp\/v2\/pages\/538\/revisions"}],"wp:attachment":[{"href":"https:\/\/paroquiadaramada.org\/index.php?rest_route=%2Fwp%2Fv2%2Fmedia&parent=538"}],"curies":[{"name":"wp","href":"https:\/\/api.w.org\/{rel}","templated":true}]}}