{"id":524,"date":"2017-02-27T19:28:25","date_gmt":"2017-02-27T19:28:25","guid":{"rendered":"http:\/\/paroquiadaramada.org\/?page_id=524"},"modified":"2017-03-31T14:43:08","modified_gmt":"2017-03-31T13:43:08","slug":"ens-equipas-nossa-senhora","status":"publish","type":"page","link":"https:\/\/paroquiadaramada.org\/?page_id=524","title":{"rendered":"ENS &#8211; Equipas Nossa Senhora"},"content":{"rendered":"<p><b>S<\/b>\u00e3o um movimento de espiritualidade conjugal cujo objetivo \u00e9 ajudar os casais a viver plenamente o seu sacramento do Matrim\u00f3nio. As equipas s\u00e3o constitu\u00eddas por 6\/7 casais e um sacerdote, designado Conselheiro Espiritual. Re\u00fanem-se mensalmente e seguem a espiritualidade conjugal sugerida pelo Padre Caffarel.<\/p>\n<section id=\"h.p_RDhwaZ5ilYK6\" class=\"yaqOZd\">\n<h1 class=\"zfr3Q duRjpb\" style=\"text-align: center;\"><img loading=\"lazy\" class=\"alignleft size-medium wp-image-554\" src=\"http:\/\/paroquiadaramada.org\/wp-content\/uploads\/2017\/02\/Digitaliza\u00e7\u00e3oENS-300x284.jpeg\" alt=\"\" width=\"300\" height=\"284\" srcset=\"https:\/\/paroquiadaramada.org\/wp-content\/uploads\/2017\/02\/Digitaliza\u00e7\u00e3oENS-300x284.jpeg 300w, https:\/\/paroquiadaramada.org\/wp-content\/uploads\/2017\/02\/Digitaliza\u00e7\u00e3oENS-768x727.jpeg 768w, https:\/\/paroquiadaramada.org\/wp-content\/uploads\/2017\/02\/Digitaliza\u00e7\u00e3oENS-1024x969.jpeg 1024w, https:\/\/paroquiadaramada.org\/wp-content\/uploads\/2017\/02\/Digitaliza\u00e7\u00e3oENS-100x95.jpeg 100w, https:\/\/paroquiadaramada.org\/wp-content\/uploads\/2017\/02\/Digitaliza\u00e7\u00e3oENS-150x142.jpeg 150w, https:\/\/paroquiadaramada.org\/wp-content\/uploads\/2017\/02\/Digitaliza\u00e7\u00e3oENS-200x189.jpeg 200w, https:\/\/paroquiadaramada.org\/wp-content\/uploads\/2017\/02\/Digitaliza\u00e7\u00e3oENS-450x426.jpeg 450w, https:\/\/paroquiadaramada.org\/wp-content\/uploads\/2017\/02\/Digitaliza\u00e7\u00e3oENS-600x568.jpeg 600w, https:\/\/paroquiadaramada.org\/wp-content\/uploads\/2017\/02\/Digitaliza\u00e7\u00e3oENS-900x852.jpeg 900w, https:\/\/paroquiadaramada.org\/wp-content\/uploads\/2017\/02\/Digitaliza\u00e7\u00e3oENS.jpeg 1368w\" sizes=\"(max-width: 300px) 100vw, 300px\" \/><\/h1>\n<h1 class=\"zfr3Q duRjpb\" style=\"text-align: center;\"><\/h1>\n<\/section>\n<section id=\"h.p_wuV3eUdAlrsp\" class=\"yaqOZd\">&#8220;Pois, onde estiverem dois ou tr\u00eas reunidos em meu nome, Eu estou no meio deles&#8221; (Mt 18, 20)<\/p>\n<p class=\"zfr3Q OmQG5e\" style=\"text-align: center;\">&#8220;Eram ass\u00edduos ao ensino dos Ap\u00f3stolos, \u00e0 uni\u00e3o fraterna, \u00e0 frac\u00e7\u00e3o do p\u00e3o e \u00e0s ora\u00e7\u00f5es.&#8221; (Act.2,42)<\/p>\n<hr \/>\n<p style=\"text-align: left;\">Contactos na par\u00f3quia: 913317567; 914047843<\/p>\n<\/section>\n\n<div class=\"twitter-share\"><a href=\"https:\/\/twitter.com\/intent\/tweet?via=Paroquia_ramada\" class=\"twitter-share-button\">Tweet<\/a><\/div>\n","protected":false},"excerpt":{"rendered":"<p>S\u00e3o um movimento de espiritualidade conjugal cujo objetivo \u00e9 ajudar os casais a viver plenamente o seu sacramento do Matrim\u00f3nio. As equipas s\u00e3o constitu\u00eddas por 6\/7 casais e um sacerdote, designado Conselheiro Espiritual. Re\u00fanem-se mensalmente e seguem a espiritualidade conjugal &hellip;<\/p>\n<p class=\"read-more\"> <a class=\"more-link\" href=\"https:\/\/paroquiadaramada.org\/?page_id=524\"> <span class=\"screen-reader-text\">ENS &#8211; Equipas Nossa Senhora<\/span> Read More &raquo;<\/a><\/p>\n","protected":false},"author":5,"featured_media":554,"parent":0,"menu_order":0,"comment_status":"closed","ping_status":"closed","template":"","meta":{"_monsterinsights_skip_tracking":false,"_monsterinsights_sitenote_active":false,"_monsterinsights_sitenote_note":"","_monsterinsights_sitenote_category":0},"_links":{"self":[{"href":"https:\/\/paroquiadaramada.org\/index.php?rest_route=\/wp\/v2\/pages\/524"}],"collection":[{"href":"https:\/\/paroquiadaramada.org\/index.php?rest_route=\/wp\/v2\/pages"}],"about":[{"href":"https:\/\/paroquiadaramada.org\/index.php?rest_route=\/wp\/v2\/types\/page"}],"author":[{"embeddable":true,"href":"https:\/\/paroquiadaramada.org\/index.php?rest_route=\/wp\/v2\/users\/5"}],"replies":[{"embeddable":true,"href":"https:\/\/paroquiadaramada.org\/index.php?rest_route=%2Fwp%2Fv2%2Fcomments&post=524"}],"version-history":[{"count":0,"href":"https:\/\/paroquiadaramada.org\/index.php?rest_route=\/wp\/v2\/pages\/524\/revisions"}],"wp:featuredmedia":[{"embeddable":true,"href":"https:\/\/paroquiadaramada.org\/index.php?rest_route=\/wp\/v2\/media\/554"}],"wp:attachment":[{"href":"https:\/\/paroquiadaramada.org\/index.php?rest_route=%2Fwp%2Fv2%2Fmedia&parent=524"}],"curies":[{"name":"wp","href":"https:\/\/api.w.org\/{rel}","templated":true}]}}