{"id":518,"date":"2017-02-27T19:25:27","date_gmt":"2017-02-27T19:25:27","guid":{"rendered":"http:\/\/paroquiadaramada.org\/?page_id=518"},"modified":"2025-10-15T19:27:25","modified_gmt":"2025-10-15T18:27:25","slug":"epm-encontros-de-preparacao-para-matrimonio","status":"publish","type":"page","link":"https:\/\/paroquiadaramada.org\/?page_id=518","title":{"rendered":"EPM &#8211; Encontros de Prepara\u00e7\u00e3o para o Matrim\u00f3nio"},"content":{"rendered":"<h3>Grupo de casais da Par\u00f3quia que ajudam os noivos na prepara\u00e7\u00e3o do Sacramento do Matrim\u00f3nio.<\/h3>\n<p><\/p>\n\n\n<figure class=\"wp-block-image size-large\"><a href=\"https:\/\/paroquiadaramada.org\/wp-content\/uploads\/2025\/10\/WhatsApp-Image-2025-10-07-at-17.15.591.jpeg\"><img loading=\"lazy\" width=\"724\" height=\"1024\" src=\"https:\/\/paroquiadaramada.org\/wp-content\/uploads\/2025\/10\/WhatsApp-Image-2025-10-07-at-17.15.591-724x1024.jpeg\" alt=\"\" class=\"wp-image-12112\" srcset=\"https:\/\/paroquiadaramada.org\/wp-content\/uploads\/2025\/10\/WhatsApp-Image-2025-10-07-at-17.15.591-724x1024.jpeg 724w, https:\/\/paroquiadaramada.org\/wp-content\/uploads\/2025\/10\/WhatsApp-Image-2025-10-07-at-17.15.591-212x300.jpeg 212w, https:\/\/paroquiadaramada.org\/wp-content\/uploads\/2025\/10\/WhatsApp-Image-2025-10-07-at-17.15.591-768x1086.jpeg 768w, https:\/\/paroquiadaramada.org\/wp-content\/uploads\/2025\/10\/WhatsApp-Image-2025-10-07-at-17.15.591-1087x1536.jpeg 1087w, https:\/\/paroquiadaramada.org\/wp-content\/uploads\/2025\/10\/WhatsApp-Image-2025-10-07-at-17.15.591-100x141.jpeg 100w, https:\/\/paroquiadaramada.org\/wp-content\/uploads\/2025\/10\/WhatsApp-Image-2025-10-07-at-17.15.591-150x212.jpeg 150w, https:\/\/paroquiadaramada.org\/wp-content\/uploads\/2025\/10\/WhatsApp-Image-2025-10-07-at-17.15.591-200x283.jpeg 200w, https:\/\/paroquiadaramada.org\/wp-content\/uploads\/2025\/10\/WhatsApp-Image-2025-10-07-at-17.15.591-300x424.jpeg 300w, https:\/\/paroquiadaramada.org\/wp-content\/uploads\/2025\/10\/WhatsApp-Image-2025-10-07-at-17.15.591-450x636.jpeg 450w, https:\/\/paroquiadaramada.org\/wp-content\/uploads\/2025\/10\/WhatsApp-Image-2025-10-07-at-17.15.591-600x848.jpeg 600w, https:\/\/paroquiadaramada.org\/wp-content\/uploads\/2025\/10\/WhatsApp-Image-2025-10-07-at-17.15.591-900x1272.jpeg 900w, https:\/\/paroquiadaramada.org\/wp-content\/uploads\/2025\/10\/WhatsApp-Image-2025-10-07-at-17.15.591.jpeg 1132w\" sizes=\"(max-width: 724px) 100vw, 724px\" \/><\/a><\/figure>\n\n\n\n<hr class=\"wp-block-separator has-alpha-channel-opacity\"\/>\n\n\n\n<figure class=\"wp-block-image size-full\"><a href=\"https:\/\/paroquiadaramada.org\/wp-content\/uploads\/2023\/10\/EPM-RAMADA-PRIMEIA-EDICAO-2023.jpg\"><img loading=\"lazy\" width=\"1024\" height=\"682\" src=\"https:\/\/paroquiadaramada.org\/wp-content\/uploads\/2023\/10\/EPM-RAMADA-PRIMEIA-EDICAO-2023.jpg\" alt=\"\" class=\"wp-image-10248\" srcset=\"https:\/\/paroquiadaramada.org\/wp-content\/uploads\/2023\/10\/EPM-RAMADA-PRIMEIA-EDICAO-2023.jpg 1024w, https:\/\/paroquiadaramada.org\/wp-content\/uploads\/2023\/10\/EPM-RAMADA-PRIMEIA-EDICAO-2023-300x200.jpg 300w, https:\/\/paroquiadaramada.org\/wp-content\/uploads\/2023\/10\/EPM-RAMADA-PRIMEIA-EDICAO-2023-768x512.jpg 768w, https:\/\/paroquiadaramada.org\/wp-content\/uploads\/2023\/10\/EPM-RAMADA-PRIMEIA-EDICAO-2023-100x67.jpg 100w, https:\/\/paroquiadaramada.org\/wp-content\/uploads\/2023\/10\/EPM-RAMADA-PRIMEIA-EDICAO-2023-150x100.jpg 150w, https:\/\/paroquiadaramada.org\/wp-content\/uploads\/2023\/10\/EPM-RAMADA-PRIMEIA-EDICAO-2023-200x133.jpg 200w, https:\/\/paroquiadaramada.org\/wp-content\/uploads\/2023\/10\/EPM-RAMADA-PRIMEIA-EDICAO-2023-450x300.jpg 450w, https:\/\/paroquiadaramada.org\/wp-content\/uploads\/2023\/10\/EPM-RAMADA-PRIMEIA-EDICAO-2023-600x400.jpg 600w, https:\/\/paroquiadaramada.org\/wp-content\/uploads\/2023\/10\/EPM-RAMADA-PRIMEIA-EDICAO-2023-900x599.jpg 900w\" sizes=\"(max-width: 1024px) 100vw, 1024px\" \/><\/a><figcaption>Primeira edi\u00e7\u00e3o do EPM da Ramada de 2023<\/figcaption><\/figure>\n\n<div class=\"twitter-share\"><a href=\"https:\/\/twitter.com\/intent\/tweet?via=Paroquia_ramada\" class=\"twitter-share-button\">Tweet<\/a><\/div>\n","protected":false},"excerpt":{"rendered":"<p>Grupo de casais da Par\u00f3quia que ajudam os noivos na prepara\u00e7\u00e3o do Sacramento do Matrim\u00f3nio.<\/p>\n","protected":false},"author":5,"featured_media":0,"parent":0,"menu_order":0,"comment_status":"closed","ping_status":"closed","template":"","meta":{"_monsterinsights_skip_tracking":false,"_monsterinsights_sitenote_active":false,"_monsterinsights_sitenote_note":"","_monsterinsights_sitenote_category":0},"_links":{"self":[{"href":"https:\/\/paroquiadaramada.org\/index.php?rest_route=\/wp\/v2\/pages\/518"}],"collection":[{"href":"https:\/\/paroquiadaramada.org\/index.php?rest_route=\/wp\/v2\/pages"}],"about":[{"href":"https:\/\/paroquiadaramada.org\/index.php?rest_route=\/wp\/v2\/types\/page"}],"author":[{"embeddable":true,"href":"https:\/\/paroquiadaramada.org\/index.php?rest_route=\/wp\/v2\/users\/5"}],"replies":[{"embeddable":true,"href":"https:\/\/paroquiadaramada.org\/index.php?rest_route=%2Fwp%2Fv2%2Fcomments&post=518"}],"version-history":[{"count":9,"href":"https:\/\/paroquiadaramada.org\/index.php?rest_route=\/wp\/v2\/pages\/518\/revisions"}],"predecessor-version":[{"id":12113,"href":"https:\/\/paroquiadaramada.org\/index.php?rest_route=\/wp\/v2\/pages\/518\/revisions\/12113"}],"wp:attachment":[{"href":"https:\/\/paroquiadaramada.org\/index.php?rest_route=%2Fwp%2Fv2%2Fmedia&parent=518"}],"curies":[{"name":"wp","href":"https:\/\/api.w.org\/{rel}","templated":true}]}}