{"id":508,"date":"2017-02-27T19:11:08","date_gmt":"2017-02-27T19:11:08","guid":{"rendered":"http:\/\/paroquiadaramada.org\/?page_id=508"},"modified":"2022-11-17T00:32:33","modified_gmt":"2022-11-17T00:32:33","slug":"clube-moer","status":"publish","type":"page","link":"https:\/\/paroquiadaramada.org\/?page_id=508","title":{"rendered":"Clube MOER"},"content":{"rendered":"<p>O <strong>Clube Moer<\/strong> \u00e9 um grupo que tem como principal objetivo ajudar os jovens a dar continuidade ao caminho feito na catequese, promovendo uma caminhada mais profunda na vida crist\u00e3 e ajudando a suscitar o desejo de permanecer no servi\u00e7o a Deus e aos irm\u00e3os. \u00a0Para isso, o clube Moer tem a sua a\u00e7\u00e3o centrada na <strong>Miss\u00e3o, na Ora\u00e7\u00e3o, na Evangeliza\u00e7\u00e3o e na Radicalidade<\/strong> no compromisso.<\/p>\n<p>Na <strong>Miss\u00e3o<\/strong>, s\u00e3o desenvolvidas atividades como:<\/p>\n<ul>\n<li>Voluntariado com crian\u00e7as\/jovens institucionalizadas<\/li>\n<li>Entrega de bens essenciais a pessoas sem-abrigo<\/li>\n<li>Angaria\u00e7\u00e3o para ajuda a pessoas necessitadas<\/li>\n<li>Visita a lar de idosos.<\/li>\n<li>Participa\u00e7\u00e3o nos v\u00e1rios servi\u00e7os da comunidade paroquial: leitores, coro, catequese e em tudo o que somos solicitados na vida normal da par\u00f3quia.<\/li>\n<\/ul>\n<p>Conscientes da a\u00e7\u00e3o e sentido que Deus traz \u00e0s suas vidas e que \u00e9 atrav\u00e9s Dele que tudo se realiza, os jovens do Moer procuram rezar juntos atrav\u00e9s da reflex\u00e3o da Palavra que ajuda a dar sentido a tudo o que fazem. As ora\u00e7\u00f5es s\u00e3o realizadas uma vez por m\u00eas.<\/p>\n<p>Como crist\u00e3os s\u00e3o convidados a ser evangelizadores de Jesus Cristo em tudo o que fazem, tendo como princ\u00edpio orientador o Evangelho.<\/p>\n<p>Enraizados na F\u00e9, assumem o compromisso de serem crist\u00e3os nas suas vidas.<\/p>\n<h5><strong>O grupo encontra-se todas as semanas, pelas 18h10, para ensaio do Coro.<\/strong><\/h5>\n<p>Encontra-nos no Facebook:<\/p>\n<p><a href=\"https:\/\/www.facebook.com\/clube.moer\/\">https:\/\/www.facebook.com\/clube.moer\/<\/a><\/p>\n<p><a href=\"https:\/\/instagram.com\/clubemoer?igshid=YmMyMTA2M2Y=\">https:\/\/instagram.com\/clubemoer?igshid=YmMyMTA2M2Y=<\/a><\/p>\n<p>Encontra as nossas atividades:<\/p>\n<p><a href=\"https:\/\/timecounts.org\/voluntariadomoer\/opportunities\/events\">https:\/\/timecounts.org\/voluntariadomoer\/opportunities\/events<\/a><\/p>\n<p>Inscreve-te para receberes as atividades de voluntariado:<\/p>\n<p><a href=\"https:\/\/timecounts.org\/voluntariadomoer\/forms\/76957\">https:\/\/timecounts.org\/voluntariadomoer\/forms\/76957<\/a><\/p>\n\n<div class=\"twitter-share\"><a href=\"https:\/\/twitter.com\/intent\/tweet?via=Paroquia_ramada\" class=\"twitter-share-button\">Tweet<\/a><\/div>\n","protected":false},"excerpt":{"rendered":"<p>O Clube Moer \u00e9 um grupo que tem como principal objetivo ajudar os jovens a dar continuidade ao caminho feito na catequese, promovendo uma caminhada mais profunda na vida crist\u00e3 e ajudando a suscitar o desejo de permanecer no servi\u00e7o &hellip;<\/p>\n<p class=\"read-more\"> <a class=\"more-link\" href=\"https:\/\/paroquiadaramada.org\/?page_id=508\"> <span class=\"screen-reader-text\">Clube MOER<\/span> Read More &raquo;<\/a><\/p>\n","protected":false},"author":5,"featured_media":0,"parent":0,"menu_order":0,"comment_status":"closed","ping_status":"closed","template":"","meta":{"_monsterinsights_skip_tracking":false,"_monsterinsights_sitenote_active":false,"_monsterinsights_sitenote_note":"","_monsterinsights_sitenote_category":0},"_links":{"self":[{"href":"https:\/\/paroquiadaramada.org\/index.php?rest_route=\/wp\/v2\/pages\/508"}],"collection":[{"href":"https:\/\/paroquiadaramada.org\/index.php?rest_route=\/wp\/v2\/pages"}],"about":[{"href":"https:\/\/paroquiadaramada.org\/index.php?rest_route=\/wp\/v2\/types\/page"}],"author":[{"embeddable":true,"href":"https:\/\/paroquiadaramada.org\/index.php?rest_route=\/wp\/v2\/users\/5"}],"replies":[{"embeddable":true,"href":"https:\/\/paroquiadaramada.org\/index.php?rest_route=%2Fwp%2Fv2%2Fcomments&post=508"}],"version-history":[{"count":2,"href":"https:\/\/paroquiadaramada.org\/index.php?rest_route=\/wp\/v2\/pages\/508\/revisions"}],"predecessor-version":[{"id":9132,"href":"https:\/\/paroquiadaramada.org\/index.php?rest_route=\/wp\/v2\/pages\/508\/revisions\/9132"}],"wp:attachment":[{"href":"https:\/\/paroquiadaramada.org\/index.php?rest_route=%2Fwp%2Fv2%2Fmedia&parent=508"}],"curies":[{"name":"wp","href":"https:\/\/api.w.org\/{rel}","templated":true}]}}