{"id":502,"date":"2017-02-22T23:30:42","date_gmt":"2017-02-22T23:30:42","guid":{"rendered":"http:\/\/paroquiadaramada.org\/?page_id=502"},"modified":"2017-10-07T11:29:06","modified_gmt":"2017-10-07T10:29:06","slug":"cafe","status":"publish","type":"page","link":"https:\/\/paroquiadaramada.org\/?page_id=502","title":{"rendered":"CaF\u00c9"},"content":{"rendered":"<p>No in\u00edcio deste novo ano pastoral sob o tema \u201cDeixa a tua terra e parte\u201d ser\u00e3o retomamos hoje os encontros do CaF\u00c9 &#8211; Curso de Aprofundamento da F\u00e9, pelas 21h30, na Igreja da Ramada, orientado pelo Pe Jorge Sobreiro sob o tema do ano pastoral 2017\/2018.<\/p>\n<p><img loading=\"lazy\" class=\"aligncenter size-medium wp-image-612\" src=\"http:\/\/paroquiadaramada.org\/wp-content\/uploads\/2017\/02\/Cafe_paroquia_da_ramada-300x300.jpg\" alt=\"CaF\u00e9\" width=\"300\" height=\"300\" srcset=\"https:\/\/paroquiadaramada.org\/wp-content\/uploads\/2017\/02\/Cafe_paroquia_da_ramada-300x300.jpg 300w, https:\/\/paroquiadaramada.org\/wp-content\/uploads\/2017\/02\/Cafe_paroquia_da_ramada-150x150.jpg 150w, https:\/\/paroquiadaramada.org\/wp-content\/uploads\/2017\/02\/Cafe_paroquia_da_ramada-768x768.jpg 768w, https:\/\/paroquiadaramada.org\/wp-content\/uploads\/2017\/02\/Cafe_paroquia_da_ramada-100x100.jpg 100w, https:\/\/paroquiadaramada.org\/wp-content\/uploads\/2017\/02\/Cafe_paroquia_da_ramada-200x200.jpg 200w, https:\/\/paroquiadaramada.org\/wp-content\/uploads\/2017\/02\/Cafe_paroquia_da_ramada-450x450.jpg 450w, https:\/\/paroquiadaramada.org\/wp-content\/uploads\/2017\/02\/Cafe_paroquia_da_ramada-600x600.jpg 600w, https:\/\/paroquiadaramada.org\/wp-content\/uploads\/2017\/02\/Cafe_paroquia_da_ramada-900x900.jpg 900w, https:\/\/paroquiadaramada.org\/wp-content\/uploads\/2017\/02\/Cafe_paroquia_da_ramada.jpg 960w\" sizes=\"(max-width: 300px) 100vw, 300px\" \/><\/p>\n\n<div class=\"twitter-share\"><a href=\"https:\/\/twitter.com\/intent\/tweet?via=Paroquia_ramada\" class=\"twitter-share-button\">Tweet<\/a><\/div>\n","protected":false},"excerpt":{"rendered":"<p>No in\u00edcio deste novo ano pastoral sob o tema \u201cDeixa a tua terra e parte\u201d ser\u00e3o retomamos hoje os encontros do CaF\u00c9 &#8211; Curso de Aprofundamento da F\u00e9, pelas 21h30, na Igreja da Ramada, orientado pelo Pe Jorge Sobreiro sob &hellip;<\/p>\n<p class=\"read-more\"> <a class=\"more-link\" href=\"https:\/\/paroquiadaramada.org\/?page_id=502\"> <span class=\"screen-reader-text\">CaF\u00c9<\/span> Read More &raquo;<\/a><\/p>\n","protected":false},"author":5,"featured_media":0,"parent":0,"menu_order":0,"comment_status":"closed","ping_status":"closed","template":"","meta":{"_monsterinsights_skip_tracking":false,"_monsterinsights_sitenote_active":false,"_monsterinsights_sitenote_note":"","_monsterinsights_sitenote_category":0},"_links":{"self":[{"href":"https:\/\/paroquiadaramada.org\/index.php?rest_route=\/wp\/v2\/pages\/502"}],"collection":[{"href":"https:\/\/paroquiadaramada.org\/index.php?rest_route=\/wp\/v2\/pages"}],"about":[{"href":"https:\/\/paroquiadaramada.org\/index.php?rest_route=\/wp\/v2\/types\/page"}],"author":[{"embeddable":true,"href":"https:\/\/paroquiadaramada.org\/index.php?rest_route=\/wp\/v2\/users\/5"}],"replies":[{"embeddable":true,"href":"https:\/\/paroquiadaramada.org\/index.php?rest_route=%2Fwp%2Fv2%2Fcomments&post=502"}],"version-history":[{"count":0,"href":"https:\/\/paroquiadaramada.org\/index.php?rest_route=\/wp\/v2\/pages\/502\/revisions"}],"wp:attachment":[{"href":"https:\/\/paroquiadaramada.org\/index.php?rest_route=%2Fwp%2Fv2%2Fmedia&parent=502"}],"curies":[{"name":"wp","href":"https:\/\/api.w.org\/{rel}","templated":true}]}}