{"id":495,"date":"2017-02-22T23:06:45","date_gmt":"2017-02-22T23:06:45","guid":{"rendered":"http:\/\/paroquiadaramada.org\/?page_id=495"},"modified":"2022-10-22T21:09:56","modified_gmt":"2022-10-22T20:09:56","slug":"renovamento-carismatico-catolico","status":"publish","type":"page","link":"https:\/\/paroquiadaramada.org\/?page_id=495","title":{"rendered":"Renovamento Carism\u00e1tico Cat\u00f3lico"},"content":{"rendered":"<p><b>A SUA ORIGEM<\/b><\/p>\n<p><span style=\"font-weight: 400;\">O Renovamento Carism\u00e1tico Cat\u00f3lico, por vezes tamb\u00e9m designado como Renova\u00e7\u00e3o Carism\u00e1tica Cat\u00f3lica, surgiu (na Igreja de hoje) como uma onda de renova\u00e7\u00e3o da gra\u00e7a de Pentecostes.<\/span><\/p>\n<p><img loading=\"lazy\" class=\"wp-image-2856 aligncenter\" src=\"https:\/\/paroquiadaramada.org\/wp-content\/uploads\/2022\/10\/EspiritoSanto-300x169.jpg\" alt=\"\" width=\"559\" height=\"315\" srcset=\"https:\/\/paroquiadaramada.org\/wp-content\/uploads\/2022\/10\/EspiritoSanto-300x169.jpg 300w, https:\/\/paroquiadaramada.org\/wp-content\/uploads\/2022\/10\/EspiritoSanto-1024x576.jpg 1024w, https:\/\/paroquiadaramada.org\/wp-content\/uploads\/2022\/10\/EspiritoSanto-768x432.jpg 768w, https:\/\/paroquiadaramada.org\/wp-content\/uploads\/2022\/10\/EspiritoSanto-100x56.jpg 100w, https:\/\/paroquiadaramada.org\/wp-content\/uploads\/2022\/10\/EspiritoSanto-150x84.jpg 150w, https:\/\/paroquiadaramada.org\/wp-content\/uploads\/2022\/10\/EspiritoSanto-200x113.jpg 200w, https:\/\/paroquiadaramada.org\/wp-content\/uploads\/2022\/10\/EspiritoSanto-450x253.jpg 450w, https:\/\/paroquiadaramada.org\/wp-content\/uploads\/2022\/10\/EspiritoSanto-600x338.jpg 600w, https:\/\/paroquiadaramada.org\/wp-content\/uploads\/2022\/10\/EspiritoSanto-900x506.jpg 900w, https:\/\/paroquiadaramada.org\/wp-content\/uploads\/2022\/10\/EspiritoSanto.jpg 1280w\" sizes=\"(max-width: 559px) 100vw, 559px\" \/><\/p>\n<p><span style=\"font-weight: 400;\">O Renovamento Carism\u00e1tico Cat\u00f3lico n\u00e3o \u00e9 um movimento \u00e0 semelhan\u00e7a de outros movimentos da Igreja Cat\u00f3lica. Por exemplo, ao contr\u00e1rio de outros movimentos, n\u00e3o tem um fundador: foi suscitado pelo Esp\u00edrito Santo como caminho de renova\u00e7\u00e3o da Igreja. O Renovamento Carism\u00e1tico \u00e9, de facto, melhor descrito como uma gra\u00e7a, uma onda de renova\u00e7\u00e3o que percorre a Igreja impelida pelo Esp\u00edrito Santo.<\/span><\/p>\n<p><span style=\"font-weight: 400;\">Ao convocar o Conc\u00edlio Vaticano II, o Papa Jo\u00e3o XXIII pedia ao Senhor que renovasse, na nossa \u00e9poca, as maravilhas de ent\u00e3o \u201ccomo um novo Pentecostes\u201d. E, na verdade, pouco depois do encerramento do Conc\u00edlio surge o Renovamento Carism\u00e1tico Cat\u00f3lico na Igreja Cat\u00f3lica. No dizer do Cardeal Suennens \u201co Renovamento Carism\u00e1tico Cat\u00f3lico, \u00e9 uma segunda gra\u00e7a de Deus \u00e0 Igreja e ao Mundo, depois da primeira gra\u00e7a que foi o Conc\u00edlio Vaticano II\u201d.<\/span><\/p>\n<p><b>UM POUCO DE REFER\u00caNCIA HIST\u00d3RICA<\/b><\/p>\n<p><b>Como nasceu o Renovamento Carism\u00e1tico Cat\u00f3lico?<\/b><\/p>\n<p><span style=\"font-weight: 400;\">Alguns professores e alunos da Universidade do Esp\u00edrito Santo de Duquesne, em Pittsburg, na Pensilv\u00e2nia (Estados Unidos da Am\u00e9rica), reuniam-se frequentemente para partilhar as suas experi\u00eancias de f\u00e9. Reconheciam por\u00e9m um certo vazio em si mesmos; uma falta de dinamismo e uma clara fraqueza, nas suas ora\u00e7\u00f5es e actividades apost\u00f3licas. Era como se a vida dependesse, em elevado grau, dos seus pr\u00f3prios esfor\u00e7os\u2026<\/span><\/p>\n<p><span style=\"font-weight: 400;\">Conscientes de que a for\u00e7a dos primeiros crist\u00e3os teve origem na vinda do Par\u00e1clito Consolador, come\u00e7aram a pedir insistentemente ao Esp\u00edrito Santo que manifestasse neles a sua presen\u00e7a cheia de poder para bem da vida espiritual de cada um e \u00eaxito dos seus trabalhos apost\u00f3licos. Diariamente, todos os membros do grupo, rezavam o \u201cVinde Esp\u00edrito Santo\u201d.<\/span><\/p>\n<p><span style=\"font-weight: 400;\">Entretanto, alguns estudantes do grupo tinham lido o livro \u201cA Cruz e o Punhal\u201d em que um pastor pentecostal americano relata como, na sequ\u00eancia da sua ac\u00e7\u00e3o no meio de jovens drogados de Nova York, o Esp\u00edrito Santo operava numerosas convers\u00f5es. Decidiram ent\u00e3o, de 17 a 19 de Fevereiro de 1967, realizar um retiro conjuntamente com o capel\u00e3o da Universidade. Todo o tempo foi passado em ora\u00e7\u00e3o e no estudo, nomeadamente dos \u201cAtos dos Ap\u00f3stolos\u201d. Continuaram pela noite fora, implorando a efus\u00e3o do Esp\u00edrito Santo. Muitos dos presentes, nesse fim-de-semana, tiveram a certeza espiritual de que a sua ora\u00e7\u00e3o fora atendida, pela transforma\u00e7\u00e3o interior que viveram, pela alegria espiritual que sentiram, naquela experi\u00eancia de Pentecostes pessoal e comunit\u00e1ria. Isto foi para eles uma verdadeira \u201cactualiza\u00e7\u00e3o de Pentecostes\u201d Sem fundador, tinha nascido o Renovamento Carism\u00e1tico Cat\u00f3lico.<\/span><\/p>\n<p><span style=\"font-weight: 400;\">Esta experi\u00eancia foi partilhada com amigos da Universidade de \u201cNotre Dame\u201d em Indiana (EUA). Cerca de 30 pediram que rezassem tamb\u00e9m por eles, para que as suas vidas se tornassem profundamente crist\u00e3s. Tornaram-se \u201chomens novos\u201d\u2026 <\/span><b>A<\/b> <b>Efus\u00e3o do Esp\u00edrito Santo<\/b><span style=\"font-weight: 400;\">.<\/span><\/p>\n<p><span style=\"font-weight: 400;\">Gra\u00e7as \u00e0 for\u00e7a impar\u00e1vel do Esp\u00edrito Santo, esta fagulha propagou-se como um inc\u00eandio em folha seca, invadiu os cinco continentes e tocou nestes 40 anos a vida de mais de 130 milh\u00f5es de pessoas.<\/span><\/p>\n<p><b>CARACTER\u00cdSTICAS E DOUTRINAS<\/b><\/p>\n<p><span style=\"font-weight: 400;\">Em termos de doutrina o Renovamento Carism\u00e1tico Cat\u00f3lico, afirma seguir a B\u00edblia, o Catecismo da Igreja Cat\u00f3lica e todas as demais diretrizes da Igreja Cat\u00f3lica, entre elas, os dogmas j\u00e1 fixados no catolicismo romano como, por exemplo, a cren\u00e7a na intercess\u00e3o dos santos e a Honra a Maria, a M\u00e3e de Jesus.<\/span><\/p>\n<p><span style=\"font-weight: 400;\">Nas reuni\u00f5es chamadas \u201cGrupos de Ora\u00e7\u00e3o\u201d, nos encontros e retiros h\u00e1 grande pr\u00e1tica de m\u00fasicas de louvor, adora\u00e7\u00e3o e s\u00e3o realizadas empolgadas prega\u00e7\u00f5es e palestras,<\/span><\/p>\n<p><span style=\"font-weight: 400;\">O Renovamento Carism\u00e1tico Cat\u00f3lico, em fidelidade \u00e0 Igreja, prega que o pecado \u2013 ac\u00e7\u00e3o contr\u00e1ria \u00e0 vontade de Deus &#8211; \u00e9 a fonte de todos os males existentes na sociedade. Gan\u00e2ncia, ego\u00edsmo, soberba, v\u00edcios, mau uso da liberdade, etc, seriam consequ\u00eancias do pecado do homem.<\/span><\/p>\n<p><span style=\"font-weight: 400;\">Defende que Jesus tem o poder de libertar e perdoar pecados e que, para isso, basta que o homem se arrependa diante dele e busque a pr\u00e1tica do Sacramento da Reconcilia\u00e7\u00e3o (Confiss\u00e3o).<\/span><\/p>\n<p><span style=\"font-weight: 400;\">O Renovamento Carism\u00e1tico Cat\u00f3lico considera como bem maior para vida do ser humano a Eucaristia, que \u00e9 o Sacramento no qual est\u00e1 a presen\u00e7a real de Jesus Cristo. Na Santa Missa est\u00e1 a celebra\u00e7\u00e3o da Paix\u00e3o, Morte e Ressurei\u00e7\u00e3o de Jesus Cristo. <\/span><\/p>\n<p><span style=\"font-weight: 400;\">H\u00e1 no movimento tamb\u00e9m uma forte devo\u00e7\u00e3o \u00e0 Sant\u00edssima Virgem Maria, de quem se busca a intercess\u00e3o junto a Jesus e tamb\u00e9m como modelo de entrega, esperan\u00e7a e confian\u00e7a no Deus Criador. <\/span><\/p>\n<p><span style=\"font-weight: 400;\">Embora o Renovamento Carism\u00e1tico Cat\u00f3lico comemore este ano os 50 anos de exist\u00eancia no Mundo, com o Jubileu em Roma com o Papa Francisco, aqui na nossa Par\u00f3quia foi reconhecido pelo Patriarcado de Lisboa a 23 de Mar\u00e7o de 1999, com o nome grupo Fogo de Amor.<\/span><\/p>\n<p><span style=\"font-weight: 400;\">Reunimos todas as quintas-feiras do ano \u00e0s 21h00m na Igreja da Ramada, com excep\u00e7\u00e3o do m\u00eas de Agosto.<\/span><\/p>\n<p><span style=\"font-weight: 400;\">\u00c9 uma forma muito bela e muito actual de estar em Igreja e rezar a B\u00edblia. Os seus membros est\u00e3o inseridos nos trabalhos da Igreja: catequistas, vicentinos, leitores, ministros extraordin\u00e1rios da comunh\u00e3o, limpeza da Igreja, etc.<\/span><\/p>\n<p><span style=\"font-weight: 400;\">Sente-se no grupo a presen\u00e7a do Esp\u00edrito Santo e \u00e9 Ele o nosso guia.<\/span><\/p>\n<p><span style=\"font-weight: 400;\">Escuta o Esp\u00edrito Santo e se sentires aquele toque amoroso que s\u00f3 Ele sabe dar, vem, est\u00e1s convidado(a) a cantar, louvar, amar e fazer o bem em nome de Jesus pondo em tudo uma boa dose de Amor, procurando viver o Evangelho na pr\u00e1tica. Tudo com base na B\u00edblia. <\/span><\/p>\n\n<div class=\"twitter-share\"><a href=\"https:\/\/twitter.com\/intent\/tweet?via=Paroquia_ramada\" class=\"twitter-share-button\">Tweet<\/a><\/div>\n","protected":false},"excerpt":{"rendered":"<p>A SUA ORIGEM O Renovamento Carism\u00e1tico Cat\u00f3lico, por vezes tamb\u00e9m designado como Renova\u00e7\u00e3o Carism\u00e1tica Cat\u00f3lica, surgiu (na Igreja de hoje) como uma onda de renova\u00e7\u00e3o da gra\u00e7a de Pentecostes. O Renovamento Carism\u00e1tico Cat\u00f3lico n\u00e3o \u00e9 um movimento \u00e0 semelhan\u00e7a de &hellip;<\/p>\n<p class=\"read-more\"> <a class=\"more-link\" href=\"https:\/\/paroquiadaramada.org\/?page_id=495\"> <span class=\"screen-reader-text\">Renovamento Carism\u00e1tico Cat\u00f3lico<\/span> Read More &raquo;<\/a><\/p>\n","protected":false},"author":5,"featured_media":0,"parent":0,"menu_order":0,"comment_status":"closed","ping_status":"closed","template":"","meta":{"_monsterinsights_skip_tracking":false,"_monsterinsights_sitenote_active":false,"_monsterinsights_sitenote_note":"","_monsterinsights_sitenote_category":0},"_links":{"self":[{"href":"https:\/\/paroquiadaramada.org\/index.php?rest_route=\/wp\/v2\/pages\/495"}],"collection":[{"href":"https:\/\/paroquiadaramada.org\/index.php?rest_route=\/wp\/v2\/pages"}],"about":[{"href":"https:\/\/paroquiadaramada.org\/index.php?rest_route=\/wp\/v2\/types\/page"}],"author":[{"embeddable":true,"href":"https:\/\/paroquiadaramada.org\/index.php?rest_route=\/wp\/v2\/users\/5"}],"replies":[{"embeddable":true,"href":"https:\/\/paroquiadaramada.org\/index.php?rest_route=%2Fwp%2Fv2%2Fcomments&post=495"}],"version-history":[{"count":4,"href":"https:\/\/paroquiadaramada.org\/index.php?rest_route=\/wp\/v2\/pages\/495\/revisions"}],"predecessor-version":[{"id":2882,"href":"https:\/\/paroquiadaramada.org\/index.php?rest_route=\/wp\/v2\/pages\/495\/revisions\/2882"}],"wp:attachment":[{"href":"https:\/\/paroquiadaramada.org\/index.php?rest_route=%2Fwp%2Fv2%2Fmedia&parent=495"}],"curies":[{"name":"wp","href":"https:\/\/api.w.org\/{rel}","templated":true}]}}