{"id":478,"date":"2017-02-18T10:30:10","date_gmt":"2017-02-18T10:30:10","guid":{"rendered":"http:\/\/paroquiadaramada.org\/?page_id=478"},"modified":"2022-10-22T10:55:31","modified_gmt":"2022-10-22T09:55:31","slug":"escuteiros-agrupamento-1242","status":"publish","type":"page","link":"https:\/\/paroquiadaramada.org\/?page_id=478","title":{"rendered":"Escuteiros"},"content":{"rendered":"<p>Membro do Corpo Nacional de Escutas, tem como miss\u00e3o a forma\u00e7\u00e3o de crian\u00e7as e jovens entre os 6 e os 22 anos, nas v\u00e1rias \u00e1reas do seu desenvolvimento, realizando atividades adequadas \u00e0s capacidades e interesses das v\u00e1rias faixas et\u00e1rias. Re\u00fanem-se aos S\u00e1bados, das 15h30h \u00e0s 20h00 com Eucaristia \u00e0s 19h00<\/p>\n<p>Ensaios Magusto 2017<br \/>\n<code><br \/>\n<iframe loading=\"lazy\" src=\"https:\/\/www.youtube-nocookie.com\/embed\/eGPdbo9FIKk?rel=0&amp;controls=0&amp;showinfo=0\" width=\"560\" height=\"315\" frameborder=\"0\" allowfullscreen=\"allowfullscreen\"><\/iframe><\/code><\/p>\n<p><code><br \/>\n<iframe loading=\"lazy\" src=\"https:\/\/www.youtube-nocookie.com\/embed\/3oYTPhFksUY?rel=0&amp;controls=0&amp;showinfo=0\" width=\"560\" height=\"315\" frameborder=\"0\" allowfullscreen=\"allowfullscreen\"><\/iframe><\/code><\/p>\n<p><code><br \/>\n<iframe loading=\"lazy\" src=\"https:\/\/www.youtube-nocookie.com\/embed\/oYbGdfhsrGE?rel=0&amp;controls=0&amp;showinfo=0\" width=\"560\" height=\"315\" frameborder=\"0\" allowfullscreen=\"allowfullscreen\"><\/iframe><\/code><\/p>\n\n<div class=\"twitter-share\"><a href=\"https:\/\/twitter.com\/intent\/tweet?via=Paroquia_ramada\" class=\"twitter-share-button\">Tweet<\/a><\/div>\n","protected":false},"excerpt":{"rendered":"<p>Membro do Corpo Nacional de Escutas, tem como miss\u00e3o a forma\u00e7\u00e3o de crian\u00e7as e jovens entre os 6 e os 22 anos, nas v\u00e1rias \u00e1reas do seu desenvolvimento, realizando atividades adequadas \u00e0s capacidades e interesses das v\u00e1rias faixas et\u00e1rias. Re\u00fanem-se &hellip;<\/p>\n<p class=\"read-more\"> <a class=\"more-link\" href=\"https:\/\/paroquiadaramada.org\/?page_id=478\"> <span class=\"screen-reader-text\">Escuteiros<\/span> Read More &raquo;<\/a><\/p>\n","protected":false},"author":5,"featured_media":0,"parent":0,"menu_order":0,"comment_status":"closed","ping_status":"closed","template":"","meta":{"_monsterinsights_skip_tracking":false,"_monsterinsights_sitenote_active":false,"_monsterinsights_sitenote_note":"","_monsterinsights_sitenote_category":0},"_links":{"self":[{"href":"https:\/\/paroquiadaramada.org\/index.php?rest_route=\/wp\/v2\/pages\/478"}],"collection":[{"href":"https:\/\/paroquiadaramada.org\/index.php?rest_route=\/wp\/v2\/pages"}],"about":[{"href":"https:\/\/paroquiadaramada.org\/index.php?rest_route=\/wp\/v2\/types\/page"}],"author":[{"embeddable":true,"href":"https:\/\/paroquiadaramada.org\/index.php?rest_route=\/wp\/v2\/users\/5"}],"replies":[{"embeddable":true,"href":"https:\/\/paroquiadaramada.org\/index.php?rest_route=%2Fwp%2Fv2%2Fcomments&post=478"}],"version-history":[{"count":3,"href":"https:\/\/paroquiadaramada.org\/index.php?rest_route=\/wp\/v2\/pages\/478\/revisions"}],"predecessor-version":[{"id":2579,"href":"https:\/\/paroquiadaramada.org\/index.php?rest_route=\/wp\/v2\/pages\/478\/revisions\/2579"}],"wp:attachment":[{"href":"https:\/\/paroquiadaramada.org\/index.php?rest_route=%2Fwp%2Fv2%2Fmedia&parent=478"}],"curies":[{"name":"wp","href":"https:\/\/api.w.org\/{rel}","templated":true}]}}