{"id":46,"date":"2014-09-09T10:23:41","date_gmt":"2014-09-09T09:23:41","guid":{"rendered":"http:\/\/paroquiadaramada.org\/?page_id=46"},"modified":"2023-09-09T00:27:21","modified_gmt":"2023-09-08T23:27:21","slug":"catequese","status":"publish","type":"page","link":"https:\/\/paroquiadaramada.org\/?page_id=46","title":{"rendered":"Catequese"},"content":{"rendered":"\n<figure class=\"wp-block-image size-full\"><a href=\"https:\/\/paroquiadaramada.org\/wp-content\/uploads\/2023\/09\/Catequese-Ramada-2023.jpg\"><img loading=\"lazy\" width=\"948\" height=\"1024\" src=\"https:\/\/paroquiadaramada.org\/wp-content\/uploads\/2023\/09\/Catequese-Ramada-2023.jpg\" alt=\"\" class=\"wp-image-10050\" srcset=\"https:\/\/paroquiadaramada.org\/wp-content\/uploads\/2023\/09\/Catequese-Ramada-2023.jpg 948w, https:\/\/paroquiadaramada.org\/wp-content\/uploads\/2023\/09\/Catequese-Ramada-2023-278x300.jpg 278w, https:\/\/paroquiadaramada.org\/wp-content\/uploads\/2023\/09\/Catequese-Ramada-2023-768x830.jpg 768w, https:\/\/paroquiadaramada.org\/wp-content\/uploads\/2023\/09\/Catequese-Ramada-2023-100x108.jpg 100w, https:\/\/paroquiadaramada.org\/wp-content\/uploads\/2023\/09\/Catequese-Ramada-2023-150x162.jpg 150w, https:\/\/paroquiadaramada.org\/wp-content\/uploads\/2023\/09\/Catequese-Ramada-2023-200x216.jpg 200w, https:\/\/paroquiadaramada.org\/wp-content\/uploads\/2023\/09\/Catequese-Ramada-2023-300x324.jpg 300w, https:\/\/paroquiadaramada.org\/wp-content\/uploads\/2023\/09\/Catequese-Ramada-2023-450x486.jpg 450w, https:\/\/paroquiadaramada.org\/wp-content\/uploads\/2023\/09\/Catequese-Ramada-2023-600x648.jpg 600w, https:\/\/paroquiadaramada.org\/wp-content\/uploads\/2023\/09\/Catequese-Ramada-2023-900x972.jpg 900w\" sizes=\"(max-width: 948px) 100vw, 948px\" \/><\/a><\/figure>\n\n\n\n<p><strong>Hor\u00e1rio de atendimento do secretariado da catequese:<\/strong><\/p>\n<p>de ter\u00e7a a sexta-feira das 18.30h \u00e0s 20h,<br \/>s\u00e1bado das 10h \u00e0s 11h e das 17.30h \u00e0s 19h<br \/>Domingo das 10h \u00e0s 11.30h.<\/p>\n<p><strong>Hor\u00e1rio dos encontros de catequese:<\/strong><br \/>De ter\u00e7a a sexta-feira das 19h \u00e0s 20h<br \/>S\u00e1bado das 11h \u00e0s 12h e das 17.45h \u00e0s 18.45h<br \/>Domingo das 10.15h \u00e0s 11.15h<\/p>\n<p>\u00a0<\/p>\n<p><a href=\"https:\/\/paroquiadaramada.org\/wp-content\/uploads\/2022\/10\/catequese2.jpeg\"><img loading=\"lazy\" class=\"alignnone size-medium wp-image-2475\" src=\"https:\/\/paroquiadaramada.org\/wp-content\/uploads\/2022\/10\/catequese2-300x236.jpeg\" alt=\"\" width=\"300\" height=\"236\" srcset=\"https:\/\/paroquiadaramada.org\/wp-content\/uploads\/2022\/10\/catequese2-300x236.jpeg 300w, https:\/\/paroquiadaramada.org\/wp-content\/uploads\/2022\/10\/catequese2-768x605.jpeg 768w, https:\/\/paroquiadaramada.org\/wp-content\/uploads\/2022\/10\/catequese2-100x79.jpeg 100w, https:\/\/paroquiadaramada.org\/wp-content\/uploads\/2022\/10\/catequese2-150x118.jpeg 150w, https:\/\/paroquiadaramada.org\/wp-content\/uploads\/2022\/10\/catequese2-200x158.jpeg 200w, https:\/\/paroquiadaramada.org\/wp-content\/uploads\/2022\/10\/catequese2-450x355.jpeg 450w, https:\/\/paroquiadaramada.org\/wp-content\/uploads\/2022\/10\/catequese2-600x473.jpeg 600w, https:\/\/paroquiadaramada.org\/wp-content\/uploads\/2022\/10\/catequese2-900x709.jpeg 900w, https:\/\/paroquiadaramada.org\/wp-content\/uploads\/2022\/10\/catequese2.jpeg 1024w\" sizes=\"(max-width: 300px) 100vw, 300px\" \/><\/a><\/p>\n<p>\u00a0<\/p>\n<p>\u00a0<\/p>\n\n\n<h3>SECRETARIADO DIOCESANO DA CATEQUESE DE LISBOA<\/h3>\n\n\n\n<h3><a href=\"https:\/\/catequese.patriarcado-lisboa.pt\/site\/index.php?tem=528\" data-type=\"URL\" data-id=\"https:\/\/catequese.patriarcado-lisboa.pt\/site\/index.php?tem=528\" target=\"_blank\" rel=\"noreferrer noopener\">https:\/\/catequese.patriarcado-lisboa.pt\/site\/index.php?tem=5<\/a><\/h3>\n\n\n\n<p class=\"has-text-align-center\"><\/p>\n\n\n\n<ul><li><a href=\"http:\/\/www.catequese.net\/catequese\/infancia\/1-catecismo\" target=\"_blank\" rel=\"noreferrer noopener\" aria-label=\" (abre num novo separador)\">1\u00ba  CATECISMO<\/a><\/li><li><a href=\"http:\/\/www.catequese.net\/catequese\/infancia\/2-catecismo\" target=\"_blank\" rel=\"noreferrer noopener\" aria-label=\" (abre num novo separador)\">2\u00ba  CATECISMO<\/a><\/li><li><a href=\"http:\/\/www.catequese.net\/catequese\/infancia\/3-catecismo\" target=\"_blank\" rel=\"noreferrer noopener\" aria-label=\" (abre num novo separador)\">3\u00ba  CATECISMO<\/a><\/li><li><a href=\"http:\/\/www.catequese.net\/catequese\/infancia\/4-catecismo\" target=\"_blank\" rel=\"noreferrer noopener\" aria-label=\" (abre num novo separador)\">4\u00ba  CATECISMO<\/a><\/li><li><a href=\"http:\/\/www.catequese.net\/catequese\/infancia\/5-catecismo\" target=\"_blank\" rel=\"noreferrer noopener\" aria-label=\" (abre num novo separador)\">5\u00ba  CATECISMO<\/a><\/li><li><a href=\"http:\/\/www.catequese.net\/catequese\/infancia\/6-catecismo\" target=\"_blank\" rel=\"noreferrer noopener\" aria-label=\" (abre num novo separador)\">6\u00ba  CATECISMO<\/a><\/li><li><a href=\"http:\/\/www.catequese.net\/catequese\/infancia\/7-catecismo\" target=\"_blank\" rel=\"noreferrer noopener\" aria-label=\" (abre num novo separador)\">7\u00ba  CATECISMO<\/a><\/li><li><a href=\"http:\/\/www.catequese.net\/catequese\/infancia\/8-catecismo\" target=\"_blank\" rel=\"noreferrer noopener\" aria-label=\" (abre num novo separador)\">8\u00ba  CATECISMO<\/a><\/li><li><a href=\"http:\/\/www.catequese.net\/catequese\/adolescencia\/9-catecismo\" target=\"_blank\" rel=\"noreferrer noopener\" aria-label=\" (abre num novo separador)\">9\u00ba  CATECISMO<\/a><\/li><li><a href=\"http:\/\/www.catequese.net\/catequese\/adolescencia\/10-catecismo\" target=\"_blank\" rel=\"noreferrer noopener\" aria-label=\" (abre num novo separador)\">10\u00ba CATECISMO<\/a><\/li><\/ul>\n\n<div class=\"twitter-share\"><a href=\"https:\/\/twitter.com\/intent\/tweet?hashtags=Paroquia%20%23Ramada&#038;via=Paroquia_ramada\" class=\"twitter-share-button\">Tweet<\/a><\/div>\n","protected":false},"excerpt":{"rendered":"<p>Hor\u00e1rio de atendimento do secretariado da catequese: de ter\u00e7a a sexta-feira das 18.30h \u00e0s 20h,s\u00e1bado das 10h \u00e0s 11h e das 17.30h \u00e0s 19hDomingo das 10h \u00e0s 11.30h. Hor\u00e1rio dos encontros de catequese:De ter\u00e7a a sexta-feira das 19h \u00e0s 20hS\u00e1bado &hellip;<\/p>\n<p class=\"read-more\"> <a class=\"more-link\" href=\"https:\/\/paroquiadaramada.org\/?page_id=46\"> <span class=\"screen-reader-text\">Catequese<\/span> Read More &raquo;<\/a><\/p>\n","protected":false},"author":5,"featured_media":2447,"parent":0,"menu_order":0,"comment_status":"closed","ping_status":"closed","template":"","meta":{"_monsterinsights_skip_tracking":false,"_monsterinsights_sitenote_active":false,"_monsterinsights_sitenote_note":"","_monsterinsights_sitenote_category":0},"_links":{"self":[{"href":"https:\/\/paroquiadaramada.org\/index.php?rest_route=\/wp\/v2\/pages\/46"}],"collection":[{"href":"https:\/\/paroquiadaramada.org\/index.php?rest_route=\/wp\/v2\/pages"}],"about":[{"href":"https:\/\/paroquiadaramada.org\/index.php?rest_route=\/wp\/v2\/types\/page"}],"author":[{"embeddable":true,"href":"https:\/\/paroquiadaramada.org\/index.php?rest_route=\/wp\/v2\/users\/5"}],"replies":[{"embeddable":true,"href":"https:\/\/paroquiadaramada.org\/index.php?rest_route=%2Fwp%2Fv2%2Fcomments&post=46"}],"version-history":[{"count":13,"href":"https:\/\/paroquiadaramada.org\/index.php?rest_route=\/wp\/v2\/pages\/46\/revisions"}],"predecessor-version":[{"id":10057,"href":"https:\/\/paroquiadaramada.org\/index.php?rest_route=\/wp\/v2\/pages\/46\/revisions\/10057"}],"wp:featuredmedia":[{"embeddable":true,"href":"https:\/\/paroquiadaramada.org\/index.php?rest_route=\/wp\/v2\/media\/2447"}],"wp:attachment":[{"href":"https:\/\/paroquiadaramada.org\/index.php?rest_route=%2Fwp%2Fv2%2Fmedia&parent=46"}],"curies":[{"name":"wp","href":"https:\/\/api.w.org\/{rel}","templated":true}]}}