{"id":1133,"date":"2020-03-20T16:25:59","date_gmt":"2020-03-20T16:25:59","guid":{"rendered":"http:\/\/paroquiadaramada.org\/?page_id=1133"},"modified":"2020-03-22T22:24:35","modified_gmt":"2020-03-22T22:24:35","slug":"aviso","status":"publish","type":"page","link":"https:\/\/paroquiadaramada.org\/?page_id=1133","title":{"rendered":"Aviso"},"content":{"rendered":"\n<p class=\"has-text-align-left\">Informamos que devido ao Estado de Emerg\u00eancia decretado, suspendemos o atendimento presencial na nossa igreja da Ramada, estando dispon\u00edveis para marca\u00e7\u00e3o de missas por alma de defuntos, assuntos sobre funerais, casamentos e batismos, atrav\u00e9s do n\u00famero de telefone 917316671 e do e-mail paroquiadaramada@gmail.com. As eucaristias dominicais ser\u00e3o transmitidas no canal TV Rainha no YouTube, \u00e0s 11h30. Nas solenidades a meio da semana (dias 18 e 25 de Mar\u00e7o) haver\u00e1 tamb\u00e9m transmiss\u00e3o, mas \u00e0s 19h30.<\/p>\n\n<div class=\"twitter-share\"><a href=\"https:\/\/twitter.com\/intent\/tweet?via=Paroquia_ramada\" class=\"twitter-share-button\">Tweet<\/a><\/div>\n","protected":false},"excerpt":{"rendered":"<p>Informamos que devido ao Estado de Emerg\u00eancia decretado, suspendemos o atendimento presencial na nossa igreja da Ramada, estando dispon\u00edveis para marca\u00e7\u00e3o de missas por alma de defuntos, assuntos sobre funerais, casamentos e batismos, atrav\u00e9s do n\u00famero de telefone 917316671 e &hellip;<\/p>\n<p class=\"read-more\"> <a class=\"more-link\" href=\"https:\/\/paroquiadaramada.org\/?page_id=1133\"> <span class=\"screen-reader-text\">Aviso<\/span> Read More &raquo;<\/a><\/p>\n","protected":false},"author":5,"featured_media":202,"parent":0,"menu_order":0,"comment_status":"closed","ping_status":"closed","template":"","meta":{"_monsterinsights_skip_tracking":false,"_monsterinsights_sitenote_active":false,"_monsterinsights_sitenote_note":"","_monsterinsights_sitenote_category":0},"_links":{"self":[{"href":"https:\/\/paroquiadaramada.org\/index.php?rest_route=\/wp\/v2\/pages\/1133"}],"collection":[{"href":"https:\/\/paroquiadaramada.org\/index.php?rest_route=\/wp\/v2\/pages"}],"about":[{"href":"https:\/\/paroquiadaramada.org\/index.php?rest_route=\/wp\/v2\/types\/page"}],"author":[{"embeddable":true,"href":"https:\/\/paroquiadaramada.org\/index.php?rest_route=\/wp\/v2\/users\/5"}],"replies":[{"embeddable":true,"href":"https:\/\/paroquiadaramada.org\/index.php?rest_route=%2Fwp%2Fv2%2Fcomments&post=1133"}],"version-history":[{"count":3,"href":"https:\/\/paroquiadaramada.org\/index.php?rest_route=\/wp\/v2\/pages\/1133\/revisions"}],"predecessor-version":[{"id":1157,"href":"https:\/\/paroquiadaramada.org\/index.php?rest_route=\/wp\/v2\/pages\/1133\/revisions\/1157"}],"wp:featuredmedia":[{"embeddable":true,"href":"https:\/\/paroquiadaramada.org\/index.php?rest_route=\/wp\/v2\/media\/202"}],"wp:attachment":[{"href":"https:\/\/paroquiadaramada.org\/index.php?rest_route=%2Fwp%2Fv2%2Fmedia&parent=1133"}],"curies":[{"name":"wp","href":"https:\/\/api.w.org\/{rel}","templated":true}]}}